{"id":2297,"date":"2022-08-25T11:30:37","date_gmt":"2022-08-25T09:30:37","guid":{"rendered":"https:\/\/be-one.net\/?page_id=2297"},"modified":"2025-05-28T16:12:40","modified_gmt":"2025-05-28T14:12:40","slug":"branding-en-b2b-strategie-de-communication-marketing-digital-bruxelles","status":"publish","type":"page","link":"https:\/\/be-one.net\/fr\/branding-en-b2b-strategie-de-communication-marketing-digital-bruxelles\/","title":{"rendered":"Branding en B2B &#8211; Strat\u00e9gie de communication, marketing digital Bruxelles"},"content":{"rendered":"","protected":false},"excerpt":{"rendered":"","protected":false},"author":3,"featured_media":0,"parent":0,"menu_order":0,"comment_status":"closed","ping_status":"closed","template":"template-master.php","meta":{"_acf_changed":false,"inline_featured_image":false,"footnotes":""},"acf":[],"yoast_head":"<!-- This site is optimized with the Yoast SEO plugin v22.9 - https:\/\/yoast.com\/wordpress\/plugins\/seo\/ -->\n<title>Branding en B2B - Strat\u00e9gie de communication, marketing digital Bruxelles - Be-one<\/title>\n<meta name=\"description\" content=\"Be-one, une agence de marketing et communication. d\u00e9di\u00e9e \u00e0 la r\u00e9ussite de ses clients. Construisez votre image de marque forte et fid\u00e9lisez vos client.\" \/>\n<meta name=\"robots\" content=\"index, follow, max-snippet:-1, max-image-preview:large, max-video-preview:-1\" \/>\n<link rel=\"canonical\" href=\"https:\/\/be-one.net\/fr\/branding-en-b2b-strategie-de-communication-marketing-digital-bruxelles\/\" \/>\n<meta property=\"og:locale\" content=\"fr_FR\" \/>\n<meta property=\"og:type\" content=\"article\" \/>\n<meta property=\"og:title\" content=\"Branding en B2B - Strat\u00e9gie de communication, marketing digital Bruxelles - Be-one\" \/>\n<meta property=\"og:description\" content=\"Be-one, une agence de marketing et communication. d\u00e9di\u00e9e \u00e0 la r\u00e9ussite de ses clients. Construisez votre image de marque forte et fid\u00e9lisez vos client.\" \/>\n<meta property=\"og:url\" content=\"https:\/\/be-one.net\/fr\/branding-en-b2b-strategie-de-communication-marketing-digital-bruxelles\/\" \/>\n<meta property=\"og:site_name\" content=\"Be-one\" \/>\n<meta property=\"article:modified_time\" content=\"2025-05-28T14:12:40+00:00\" \/>\n<meta name=\"twitter:card\" content=\"summary_large_image\" \/>\n<script type=\"application\/ld+json\" class=\"yoast-schema-graph\">{\"@context\":\"https:\/\/schema.org\",\"@graph\":[{\"@type\":\"WebPage\",\"@id\":\"https:\/\/be-one.net\/fr\/branding-en-b2b-strategie-de-communication-marketing-digital-bruxelles\/\",\"url\":\"https:\/\/be-one.net\/fr\/branding-en-b2b-strategie-de-communication-marketing-digital-bruxelles\/\",\"name\":\"Branding en B2B - Strat\u00e9gie de communication, marketing digital Bruxelles - Be-one\",\"isPartOf\":{\"@id\":\"https:\/\/be-one.net\/fr\/#website\"},\"datePublished\":\"2022-08-25T09:30:37+00:00\",\"dateModified\":\"2025-05-28T14:12:40+00:00\",\"description\":\"Be-one, une agence de marketing et communication. d\u00e9di\u00e9e \u00e0 la r\u00e9ussite de ses clients. Construisez votre image de marque forte et fid\u00e9lisez vos client.\",\"inLanguage\":\"fr-BE\",\"potentialAction\":[{\"@type\":\"ReadAction\",\"target\":[\"https:\/\/be-one.net\/fr\/branding-en-b2b-strategie-de-communication-marketing-digital-bruxelles\/\"]}]},{\"@type\":\"WebSite\",\"@id\":\"https:\/\/be-one.net\/fr\/#website\",\"url\":\"https:\/\/be-one.net\/fr\/\",\"name\":\"Be-one\",\"description\":\"Client Driven Marketing &amp; Communication\",\"publisher\":{\"@id\":\"https:\/\/be-one.net\/fr\/#organization\"},\"potentialAction\":[{\"@type\":\"SearchAction\",\"target\":{\"@type\":\"EntryPoint\",\"urlTemplate\":\"https:\/\/be-one.net\/fr\/?s={search_term_string}\"},\"query-input\":\"required name=search_term_string\"}],\"inLanguage\":\"fr-BE\"},{\"@type\":\"Organization\",\"@id\":\"https:\/\/be-one.net\/fr\/#organization\",\"name\":\"Be-one\",\"url\":\"https:\/\/be-one.net\/fr\/\",\"logo\":{\"@type\":\"ImageObject\",\"inLanguage\":\"fr-BE\",\"@id\":\"https:\/\/be-one.net\/fr\/#\/schema\/logo\/image\/\",\"url\":\"https:\/\/be-one.net\/wp-content\/uploads\/2021\/11\/beone-1.png\",\"contentUrl\":\"https:\/\/be-one.net\/wp-content\/uploads\/2021\/11\/beone-1.png\",\"width\":256,\"height\":112,\"caption\":\"Be-one\"},\"image\":{\"@id\":\"https:\/\/be-one.net\/fr\/#\/schema\/logo\/image\/\"}}]}<\/script>\n<!-- \/ Yoast SEO plugin. -->","yoast_head_json":{"title":"Branding en B2B - Strat\u00e9gie de communication, marketing digital Bruxelles - Be-one","description":"Be-one, une agence de marketing et communication. d\u00e9di\u00e9e \u00e0 la r\u00e9ussite de ses clients. Construisez votre image de marque forte et fid\u00e9lisez vos client.","robots":{"index":"index","follow":"follow","max-snippet":"max-snippet:-1","max-image-preview":"max-image-preview:large","max-video-preview":"max-video-preview:-1"},"canonical":"https:\/\/be-one.net\/fr\/branding-en-b2b-strategie-de-communication-marketing-digital-bruxelles\/","og_locale":"fr_FR","og_type":"article","og_title":"Branding en B2B - Strat\u00e9gie de communication, marketing digital Bruxelles - Be-one","og_description":"Be-one, une agence de marketing et communication. d\u00e9di\u00e9e \u00e0 la r\u00e9ussite de ses clients. Construisez votre image de marque forte et fid\u00e9lisez vos client.","og_url":"https:\/\/be-one.net\/fr\/branding-en-b2b-strategie-de-communication-marketing-digital-bruxelles\/","og_site_name":"Be-one","article_modified_time":"2025-05-28T14:12:40+00:00","twitter_card":"summary_large_image","schema":{"@context":"https:\/\/schema.org","@graph":[{"@type":"WebPage","@id":"https:\/\/be-one.net\/fr\/branding-en-b2b-strategie-de-communication-marketing-digital-bruxelles\/","url":"https:\/\/be-one.net\/fr\/branding-en-b2b-strategie-de-communication-marketing-digital-bruxelles\/","name":"Branding en B2B - Strat\u00e9gie de communication, marketing digital Bruxelles - Be-one","isPartOf":{"@id":"https:\/\/be-one.net\/fr\/#website"},"datePublished":"2022-08-25T09:30:37+00:00","dateModified":"2025-05-28T14:12:40+00:00","description":"Be-one, une agence de marketing et communication. d\u00e9di\u00e9e \u00e0 la r\u00e9ussite de ses clients. Construisez votre image de marque forte et fid\u00e9lisez vos client.","inLanguage":"fr-BE","potentialAction":[{"@type":"ReadAction","target":["https:\/\/be-one.net\/fr\/branding-en-b2b-strategie-de-communication-marketing-digital-bruxelles\/"]}]},{"@type":"WebSite","@id":"https:\/\/be-one.net\/fr\/#website","url":"https:\/\/be-one.net\/fr\/","name":"Be-one","description":"Client Driven Marketing &amp; Communication","publisher":{"@id":"https:\/\/be-one.net\/fr\/#organization"},"potentialAction":[{"@type":"SearchAction","target":{"@type":"EntryPoint","urlTemplate":"https:\/\/be-one.net\/fr\/?s={search_term_string}"},"query-input":"required name=search_term_string"}],"inLanguage":"fr-BE"},{"@type":"Organization","@id":"https:\/\/be-one.net\/fr\/#organization","name":"Be-one","url":"https:\/\/be-one.net\/fr\/","logo":{"@type":"ImageObject","inLanguage":"fr-BE","@id":"https:\/\/be-one.net\/fr\/#\/schema\/logo\/image\/","url":"https:\/\/be-one.net\/wp-content\/uploads\/2021\/11\/beone-1.png","contentUrl":"https:\/\/be-one.net\/wp-content\/uploads\/2021\/11\/beone-1.png","width":256,"height":112,"caption":"Be-one"},"image":{"@id":"https:\/\/be-one.net\/fr\/#\/schema\/logo\/image\/"}}]}},"_links":{"self":[{"href":"https:\/\/be-one.net\/fr\/wp-json\/wp\/v2\/pages\/2297"}],"collection":[{"href":"https:\/\/be-one.net\/fr\/wp-json\/wp\/v2\/pages"}],"about":[{"href":"https:\/\/be-one.net\/fr\/wp-json\/wp\/v2\/types\/page"}],"author":[{"embeddable":true,"href":"https:\/\/be-one.net\/fr\/wp-json\/wp\/v2\/users\/3"}],"replies":[{"embeddable":true,"href":"https:\/\/be-one.net\/fr\/wp-json\/wp\/v2\/comments?post=2297"}],"version-history":[{"count":100,"href":"https:\/\/be-one.net\/fr\/wp-json\/wp\/v2\/pages\/2297\/revisions"}],"predecessor-version":[{"id":5730,"href":"https:\/\/be-one.net\/fr\/wp-json\/wp\/v2\/pages\/2297\/revisions\/5730"}],"wp:attachment":[{"href":"https:\/\/be-one.net\/fr\/wp-json\/wp\/v2\/media?parent=2297"}],"curies":[{"name":"wp","href":"https:\/\/api.w.org\/{rel}","templated":true}]}}