{"id":5049,"date":"2025-01-08T12:51:58","date_gmt":"2025-01-08T11:51:58","guid":{"rendered":"https:\/\/be-one.net\/?page_id=5049"},"modified":"2025-10-23T16:49:47","modified_gmt":"2025-10-23T14:49:47","slug":"comment-de-vuilbak-a-quadruple-son-chiffre-daffaires-en-belgique","status":"publish","type":"page","link":"https:\/\/be-one.net\/fr\/cas-clients\/comment-de-vuilbak-a-quadruple-son-chiffre-daffaires-en-belgique\/","title":{"rendered":"Comment De Vuilbak a quadrupl\u00e9 son chiffre d\u2019affaires en Belgique"},"content":{"rendered":"","protected":false},"excerpt":{"rendered":"","protected":false},"author":3,"featured_media":0,"parent":2884,"menu_order":0,"comment_status":"closed","ping_status":"closed","template":"template-master.php","meta":{"_acf_changed":false,"inline_featured_image":false,"footnotes":""},"acf":[],"yoast_head":"<!-- This site is optimized with the Yoast SEO Premium plugin v22.9 (Yoast SEO v22.9) - https:\/\/yoast.com\/wordpress\/plugins\/seo\/ -->\n<title>Comment De Vuilbak a quadrupl\u00e9 son chiffre d\u2019affaires en Belgique - Be-one<\/title>\n<meta name=\"description\" content=\"Comment Be-one a aid\u00e9 De Vuilbak \u00e0 atteindre 1,1 million d\u2019euros de revenus, 3 000 visiteurs et prospects B2B en belgique via un SEO et SEA.\" \/>\n<meta name=\"robots\" content=\"index, follow, max-snippet:-1, max-image-preview:large, max-video-preview:-1\" \/>\n<link rel=\"canonical\" href=\"https:\/\/be-one.net\/fr\/cas-clients\/comment-de-vuilbak-a-quadruple-son-chiffre-daffaires-en-belgique\/\" \/>\n<meta property=\"og:locale\" content=\"fr_FR\" \/>\n<meta property=\"og:type\" content=\"article\" \/>\n<meta property=\"og:title\" content=\"Comment De Vuilbak a quadrupl\u00e9 son chiffre d\u2019affaires en Belgique - Be-one\" \/>\n<meta property=\"og:description\" content=\"Comment Be-one a aid\u00e9 De Vuilbak \u00e0 atteindre 1,1 million d\u2019euros de revenus, 3 000 visiteurs et prospects B2B en belgique via un SEO et SEA.\" \/>\n<meta property=\"og:url\" content=\"https:\/\/be-one.net\/fr\/cas-clients\/comment-de-vuilbak-a-quadruple-son-chiffre-daffaires-en-belgique\/\" \/>\n<meta property=\"og:site_name\" content=\"Be-one\" \/>\n<meta property=\"article:publisher\" content=\"https:\/\/www.facebook.com\/people\/Be-One-Communication\/100063613657210\/\" \/>\n<meta property=\"article:modified_time\" content=\"2025-10-23T14:49:47+00:00\" \/>\n<meta name=\"twitter:card\" content=\"summary_large_image\" \/>\n<script type=\"application\/ld+json\" class=\"yoast-schema-graph\">{\"@context\":\"https:\/\/schema.org\",\"@graph\":[{\"@type\":\"WebPage\",\"@id\":\"https:\/\/be-one.net\/fr\/cas-clients\/comment-de-vuilbak-a-quadruple-son-chiffre-daffaires-en-belgique\/\",\"url\":\"https:\/\/be-one.net\/fr\/cas-clients\/comment-de-vuilbak-a-quadruple-son-chiffre-daffaires-en-belgique\/\",\"name\":\"Comment De Vuilbak a quadrupl\u00e9 son chiffre d\u2019affaires en Belgique - Be-one\",\"isPartOf\":{\"@id\":\"https:\/\/be-one.net\/fr\/#website\"},\"datePublished\":\"2025-01-08T11:51:58+00:00\",\"dateModified\":\"2025-10-23T14:49:47+00:00\",\"description\":\"Comment Be-one a aid\u00e9 De Vuilbak \u00e0 atteindre 1,1 million d\u2019euros de revenus, 3 000 visiteurs et prospects B2B en belgique via un SEO et SEA.\",\"breadcrumb\":{\"@id\":\"https:\/\/be-one.net\/fr\/cas-clients\/comment-de-vuilbak-a-quadruple-son-chiffre-daffaires-en-belgique\/#breadcrumb\"},\"inLanguage\":\"fr-BE\",\"potentialAction\":[{\"@type\":\"ReadAction\",\"target\":[\"https:\/\/be-one.net\/fr\/cas-clients\/comment-de-vuilbak-a-quadruple-son-chiffre-daffaires-en-belgique\/\"]}]},{\"@type\":\"BreadcrumbList\",\"@id\":\"https:\/\/be-one.net\/fr\/cas-clients\/comment-de-vuilbak-a-quadruple-son-chiffre-daffaires-en-belgique\/#breadcrumb\",\"itemListElement\":[{\"@type\":\"ListItem\",\"position\":1,\"name\":\"Cas clients marketing B2B :\u00a0branding, g\u00e9n\u00e9ration de leads et projets web\",\"item\":\"https:\/\/be-one.net\/fr\/cas-clients\/\"},{\"@type\":\"ListItem\",\"position\":2,\"name\":\"Comment De Vuilbak a quadrupl\u00e9 son chiffre d\u2019affaires en Belgique\"}]},{\"@type\":\"WebSite\",\"@id\":\"https:\/\/be-one.net\/fr\/#website\",\"url\":\"https:\/\/be-one.net\/fr\/\",\"name\":\"Be-one\",\"description\":\"Client Driven Marketing &amp; Communication\",\"publisher\":{\"@id\":\"https:\/\/be-one.net\/fr\/#organization\"},\"potentialAction\":[{\"@type\":\"SearchAction\",\"target\":{\"@type\":\"EntryPoint\",\"urlTemplate\":\"https:\/\/be-one.net\/fr\/?s={search_term_string}\"},\"query-input\":\"required name=search_term_string\"}],\"inLanguage\":\"fr-BE\"},{\"@type\":\"Organization\",\"@id\":\"https:\/\/be-one.net\/fr\/#organization\",\"name\":\"Be-one\",\"alternateName\":\"B.E.-One SPRL\",\"url\":\"https:\/\/be-one.net\/fr\/\",\"logo\":{\"@type\":\"ImageObject\",\"inLanguage\":\"fr-BE\",\"@id\":\"https:\/\/be-one.net\/fr\/#\/schema\/logo\/image\/\",\"url\":\"https:\/\/be-one.net\/wp-content\/uploads\/2021\/11\/beone-1.png\",\"contentUrl\":\"https:\/\/be-one.net\/wp-content\/uploads\/2021\/11\/beone-1.png\",\"width\":256,\"height\":112,\"caption\":\"Be-one\"},\"image\":{\"@id\":\"https:\/\/be-one.net\/fr\/#\/schema\/logo\/image\/\"},\"description\":\"Agence de marketing et communication B2B sp\u00e9cialis\u00e9e en branding, g\u00e9n\u00e9ration de leads et marketing digital \u00e0 Bruxelles.\",\"email\":\"robert@be-one.net\",\"telephone\":\"+3224548561\",\"legalName\":\"B.E.-One SPRL\",\"identifier\":{\"vatID\":\"BE 0452.123.136\"},\"sameAs\":[\"https:\/\/www.facebook.com\/people\/Be-One-Communication\/100063613657210\/\",\"https:\/\/www.linkedin.com\/company\/be-one-agency\/\"]}]}<\/script>\n<!-- \/ Yoast SEO Premium plugin. -->","yoast_head_json":{"title":"Comment De Vuilbak a quadrupl\u00e9 son chiffre d\u2019affaires en Belgique - Be-one","description":"Comment Be-one a aid\u00e9 De Vuilbak \u00e0 atteindre 1,1 million d\u2019euros de revenus, 3 000 visiteurs et prospects B2B en belgique via un SEO et SEA.","robots":{"index":"index","follow":"follow","max-snippet":"max-snippet:-1","max-image-preview":"max-image-preview:large","max-video-preview":"max-video-preview:-1"},"canonical":"https:\/\/be-one.net\/fr\/cas-clients\/comment-de-vuilbak-a-quadruple-son-chiffre-daffaires-en-belgique\/","og_locale":"fr_FR","og_type":"article","og_title":"Comment De Vuilbak a quadrupl\u00e9 son chiffre d\u2019affaires en Belgique - Be-one","og_description":"Comment Be-one a aid\u00e9 De Vuilbak \u00e0 atteindre 1,1 million d\u2019euros de revenus, 3 000 visiteurs et prospects B2B en belgique via un SEO et SEA.","og_url":"https:\/\/be-one.net\/fr\/cas-clients\/comment-de-vuilbak-a-quadruple-son-chiffre-daffaires-en-belgique\/","og_site_name":"Be-one","article_publisher":"https:\/\/www.facebook.com\/people\/Be-One-Communication\/100063613657210\/","article_modified_time":"2025-10-23T14:49:47+00:00","twitter_card":"summary_large_image","schema":{"@context":"https:\/\/schema.org","@graph":[{"@type":"WebPage","@id":"https:\/\/be-one.net\/fr\/cas-clients\/comment-de-vuilbak-a-quadruple-son-chiffre-daffaires-en-belgique\/","url":"https:\/\/be-one.net\/fr\/cas-clients\/comment-de-vuilbak-a-quadruple-son-chiffre-daffaires-en-belgique\/","name":"Comment De Vuilbak a quadrupl\u00e9 son chiffre d\u2019affaires en Belgique - Be-one","isPartOf":{"@id":"https:\/\/be-one.net\/fr\/#website"},"datePublished":"2025-01-08T11:51:58+00:00","dateModified":"2025-10-23T14:49:47+00:00","description":"Comment Be-one a aid\u00e9 De Vuilbak \u00e0 atteindre 1,1 million d\u2019euros de revenus, 3 000 visiteurs et prospects B2B en belgique via un SEO et SEA.","breadcrumb":{"@id":"https:\/\/be-one.net\/fr\/cas-clients\/comment-de-vuilbak-a-quadruple-son-chiffre-daffaires-en-belgique\/#breadcrumb"},"inLanguage":"fr-BE","potentialAction":[{"@type":"ReadAction","target":["https:\/\/be-one.net\/fr\/cas-clients\/comment-de-vuilbak-a-quadruple-son-chiffre-daffaires-en-belgique\/"]}]},{"@type":"BreadcrumbList","@id":"https:\/\/be-one.net\/fr\/cas-clients\/comment-de-vuilbak-a-quadruple-son-chiffre-daffaires-en-belgique\/#breadcrumb","itemListElement":[{"@type":"ListItem","position":1,"name":"Cas clients marketing B2B :\u00a0branding, g\u00e9n\u00e9ration de leads et projets web","item":"https:\/\/be-one.net\/fr\/cas-clients\/"},{"@type":"ListItem","position":2,"name":"Comment De Vuilbak a quadrupl\u00e9 son chiffre d\u2019affaires en Belgique"}]},{"@type":"WebSite","@id":"https:\/\/be-one.net\/fr\/#website","url":"https:\/\/be-one.net\/fr\/","name":"Be-one","description":"Client Driven Marketing &amp; Communication","publisher":{"@id":"https:\/\/be-one.net\/fr\/#organization"},"potentialAction":[{"@type":"SearchAction","target":{"@type":"EntryPoint","urlTemplate":"https:\/\/be-one.net\/fr\/?s={search_term_string}"},"query-input":"required name=search_term_string"}],"inLanguage":"fr-BE"},{"@type":"Organization","@id":"https:\/\/be-one.net\/fr\/#organization","name":"Be-one","alternateName":"B.E.-One SPRL","url":"https:\/\/be-one.net\/fr\/","logo":{"@type":"ImageObject","inLanguage":"fr-BE","@id":"https:\/\/be-one.net\/fr\/#\/schema\/logo\/image\/","url":"https:\/\/be-one.net\/wp-content\/uploads\/2021\/11\/beone-1.png","contentUrl":"https:\/\/be-one.net\/wp-content\/uploads\/2021\/11\/beone-1.png","width":256,"height":112,"caption":"Be-one"},"image":{"@id":"https:\/\/be-one.net\/fr\/#\/schema\/logo\/image\/"},"description":"Agence de marketing et communication B2B sp\u00e9cialis\u00e9e en branding, g\u00e9n\u00e9ration de leads et marketing digital \u00e0 Bruxelles.","email":"robert@be-one.net","telephone":"+3224548561","legalName":"B.E.-One SPRL","identifier":{"vatID":"BE 0452.123.136"},"sameAs":["https:\/\/www.facebook.com\/people\/Be-One-Communication\/100063613657210\/","https:\/\/www.linkedin.com\/company\/be-one-agency\/"]}]}},"_links":{"self":[{"href":"https:\/\/be-one.net\/fr\/wp-json\/wp\/v2\/pages\/5049"}],"collection":[{"href":"https:\/\/be-one.net\/fr\/wp-json\/wp\/v2\/pages"}],"about":[{"href":"https:\/\/be-one.net\/fr\/wp-json\/wp\/v2\/types\/page"}],"author":[{"embeddable":true,"href":"https:\/\/be-one.net\/fr\/wp-json\/wp\/v2\/users\/3"}],"replies":[{"embeddable":true,"href":"https:\/\/be-one.net\/fr\/wp-json\/wp\/v2\/comments?post=5049"}],"version-history":[{"count":79,"href":"https:\/\/be-one.net\/fr\/wp-json\/wp\/v2\/pages\/5049\/revisions"}],"predecessor-version":[{"id":5815,"href":"https:\/\/be-one.net\/fr\/wp-json\/wp\/v2\/pages\/5049\/revisions\/5815"}],"up":[{"embeddable":true,"href":"https:\/\/be-one.net\/fr\/wp-json\/wp\/v2\/pages\/2884"}],"wp:attachment":[{"href":"https:\/\/be-one.net\/fr\/wp-json\/wp\/v2\/media?parent=5049"}],"curies":[{"name":"wp","href":"https:\/\/api.w.org\/{rel}","templated":true}]}}