{"id":6074,"date":"2025-12-18T16:16:17","date_gmt":"2025-12-18T15:16:17","guid":{"rendered":"https:\/\/be-one.net\/?page_id=6074"},"modified":"2026-04-23T15:28:51","modified_gmt":"2026-04-23T13:28:51","slug":"notre-equipe","status":"publish","type":"page","link":"https:\/\/be-one.net\/fr\/notre-equipe\/","title":{"rendered":"Notre \u00e9quipe"},"content":{"rendered":"\n<p><strong>Strat\u00e9gie, branding, digital, dev, gestion de projet : <\/strong>quel que soit le sujet, vous aurez toujours un expert \u00e0 qui parler. Et vos interlocuteurs resteront les m\u00eames du premier brief au dernier livrable.<\/p>\n","protected":false},"excerpt":{"rendered":"<p>Strat\u00e9gie, branding, digital, dev, gestion de projet : quel que soit le sujet, vous aurez\u2026<!--a href=\"https:\/\/be-one.net\/fr\/notre-equipe\/\">...<\/a---><\/p>\n","protected":false},"author":8,"featured_media":0,"parent":0,"menu_order":0,"comment_status":"closed","ping_status":"closed","template":"template-team.php","meta":{"_acf_changed":false,"inline_featured_image":false,"footnotes":""},"acf":[],"yoast_head":"<!-- This site is optimized with the Yoast SEO Premium plugin v22.9 (Yoast SEO v22.9) - https:\/\/yoast.com\/wordpress\/plugins\/seo\/ -->\n<title>Notre \u00e9quipe - Be-one<\/title>\n<meta name=\"description\" content=\"L\u00e9quipe Be-One, experts en marketing B2B, branding et g\u00e9n\u00e9ration de leads \u00e0 Bruxelles. Votre partenaire en communication client-driven.\" \/>\n<meta name=\"robots\" content=\"index, follow, max-snippet:-1, max-image-preview:large, max-video-preview:-1\" \/>\n<link rel=\"canonical\" href=\"https:\/\/be-one.net\/fr\/notre-equipe\/\" \/>\n<meta property=\"og:locale\" content=\"fr_FR\" \/>\n<meta property=\"og:type\" content=\"article\" \/>\n<meta property=\"og:title\" content=\"Notre \u00e9quipe - Be-one\" \/>\n<meta property=\"og:description\" content=\"L\u00e9quipe Be-One, experts en marketing B2B, branding et g\u00e9n\u00e9ration de leads \u00e0 Bruxelles. Votre partenaire en communication client-driven.\" \/>\n<meta property=\"og:url\" content=\"https:\/\/be-one.net\/fr\/notre-equipe\/\" \/>\n<meta property=\"og:site_name\" content=\"Be-one\" \/>\n<meta property=\"article:publisher\" content=\"https:\/\/www.facebook.com\/people\/Be-One-Communication\/100063613657210\/\" \/>\n<meta property=\"article:modified_time\" content=\"2026-04-23T13:28:51+00:00\" \/>\n<meta name=\"twitter:card\" content=\"summary_large_image\" \/>\n<meta name=\"twitter:label1\" content=\"Dur\u00e9e de lecture est.\" \/>\n\t<meta name=\"twitter:data1\" content=\"1 minute\" \/>\n<script type=\"application\/ld+json\" class=\"yoast-schema-graph\">{\"@context\":\"https:\/\/schema.org\",\"@graph\":[{\"@type\":\"WebPage\",\"@id\":\"https:\/\/be-one.net\/fr\/notre-equipe\/\",\"url\":\"https:\/\/be-one.net\/fr\/notre-equipe\/\",\"name\":\"Notre \u00e9quipe - Be-one\",\"isPartOf\":{\"@id\":\"https:\/\/be-one.net\/fr\/#website\"},\"datePublished\":\"2025-12-18T15:16:17+00:00\",\"dateModified\":\"2026-04-23T13:28:51+00:00\",\"description\":\"L\u00e9quipe Be-One, experts en marketing B2B, branding et g\u00e9n\u00e9ration de leads \u00e0 Bruxelles. Votre partenaire en communication client-driven.\",\"inLanguage\":\"fr-BE\",\"potentialAction\":[{\"@type\":\"ReadAction\",\"target\":[\"https:\/\/be-one.net\/fr\/notre-equipe\/\"]}]},{\"@type\":\"WebSite\",\"@id\":\"https:\/\/be-one.net\/fr\/#website\",\"url\":\"https:\/\/be-one.net\/fr\/\",\"name\":\"Be-one\",\"description\":\"Client Driven Marketing &amp; Communication\",\"publisher\":{\"@id\":\"https:\/\/be-one.net\/fr\/#organization\"},\"potentialAction\":[{\"@type\":\"SearchAction\",\"target\":{\"@type\":\"EntryPoint\",\"urlTemplate\":\"https:\/\/be-one.net\/fr\/?s={search_term_string}\"},\"query-input\":\"required name=search_term_string\"}],\"inLanguage\":\"fr-BE\"},{\"@type\":\"Organization\",\"@id\":\"https:\/\/be-one.net\/fr\/#organization\",\"name\":\"Be-one\",\"alternateName\":\"B.E.-One SPRL\",\"url\":\"https:\/\/be-one.net\/fr\/\",\"logo\":{\"@type\":\"ImageObject\",\"inLanguage\":\"fr-BE\",\"@id\":\"https:\/\/be-one.net\/fr\/#\/schema\/logo\/image\/\",\"url\":\"https:\/\/be-one.net\/wp-content\/uploads\/2021\/11\/beone-1.png\",\"contentUrl\":\"https:\/\/be-one.net\/wp-content\/uploads\/2021\/11\/beone-1.png\",\"width\":256,\"height\":112,\"caption\":\"Be-one\"},\"image\":{\"@id\":\"https:\/\/be-one.net\/fr\/#\/schema\/logo\/image\/\"},\"description\":\"Agence de marketing et communication B2B sp\u00e9cialis\u00e9e en branding, g\u00e9n\u00e9ration de leads et marketing digital \u00e0 Bruxelles.\",\"email\":\"robert@be-one.net\",\"telephone\":\"+3224548561\",\"legalName\":\"B.E.-One SPRL\",\"identifier\":{\"vatID\":\"BE 0452.123.136\"},\"sameAs\":[\"https:\/\/www.facebook.com\/people\/Be-One-Communication\/100063613657210\/\",\"https:\/\/www.linkedin.com\/company\/be-one-agency\/\"]}]}<\/script>\n<!-- \/ Yoast SEO Premium plugin. -->","yoast_head_json":{"title":"Notre \u00e9quipe - Be-one","description":"L\u00e9quipe Be-One, experts en marketing B2B, branding et g\u00e9n\u00e9ration de leads \u00e0 Bruxelles. Votre partenaire en communication client-driven.","robots":{"index":"index","follow":"follow","max-snippet":"max-snippet:-1","max-image-preview":"max-image-preview:large","max-video-preview":"max-video-preview:-1"},"canonical":"https:\/\/be-one.net\/fr\/notre-equipe\/","og_locale":"fr_FR","og_type":"article","og_title":"Notre \u00e9quipe - Be-one","og_description":"L\u00e9quipe Be-One, experts en marketing B2B, branding et g\u00e9n\u00e9ration de leads \u00e0 Bruxelles. Votre partenaire en communication client-driven.","og_url":"https:\/\/be-one.net\/fr\/notre-equipe\/","og_site_name":"Be-one","article_publisher":"https:\/\/www.facebook.com\/people\/Be-One-Communication\/100063613657210\/","article_modified_time":"2026-04-23T13:28:51+00:00","twitter_card":"summary_large_image","twitter_misc":{"Dur\u00e9e de lecture est.":"1 minute"},"schema":{"@context":"https:\/\/schema.org","@graph":[{"@type":"WebPage","@id":"https:\/\/be-one.net\/fr\/notre-equipe\/","url":"https:\/\/be-one.net\/fr\/notre-equipe\/","name":"Notre \u00e9quipe - Be-one","isPartOf":{"@id":"https:\/\/be-one.net\/fr\/#website"},"datePublished":"2025-12-18T15:16:17+00:00","dateModified":"2026-04-23T13:28:51+00:00","description":"L\u00e9quipe Be-One, experts en marketing B2B, branding et g\u00e9n\u00e9ration de leads \u00e0 Bruxelles. Votre partenaire en communication client-driven.","inLanguage":"fr-BE","potentialAction":[{"@type":"ReadAction","target":["https:\/\/be-one.net\/fr\/notre-equipe\/"]}]},{"@type":"WebSite","@id":"https:\/\/be-one.net\/fr\/#website","url":"https:\/\/be-one.net\/fr\/","name":"Be-one","description":"Client Driven Marketing &amp; Communication","publisher":{"@id":"https:\/\/be-one.net\/fr\/#organization"},"potentialAction":[{"@type":"SearchAction","target":{"@type":"EntryPoint","urlTemplate":"https:\/\/be-one.net\/fr\/?s={search_term_string}"},"query-input":"required name=search_term_string"}],"inLanguage":"fr-BE"},{"@type":"Organization","@id":"https:\/\/be-one.net\/fr\/#organization","name":"Be-one","alternateName":"B.E.-One SPRL","url":"https:\/\/be-one.net\/fr\/","logo":{"@type":"ImageObject","inLanguage":"fr-BE","@id":"https:\/\/be-one.net\/fr\/#\/schema\/logo\/image\/","url":"https:\/\/be-one.net\/wp-content\/uploads\/2021\/11\/beone-1.png","contentUrl":"https:\/\/be-one.net\/wp-content\/uploads\/2021\/11\/beone-1.png","width":256,"height":112,"caption":"Be-one"},"image":{"@id":"https:\/\/be-one.net\/fr\/#\/schema\/logo\/image\/"},"description":"Agence de marketing et communication B2B sp\u00e9cialis\u00e9e en branding, g\u00e9n\u00e9ration de leads et marketing digital \u00e0 Bruxelles.","email":"robert@be-one.net","telephone":"+3224548561","legalName":"B.E.-One SPRL","identifier":{"vatID":"BE 0452.123.136"},"sameAs":["https:\/\/www.facebook.com\/people\/Be-One-Communication\/100063613657210\/","https:\/\/www.linkedin.com\/company\/be-one-agency\/"]}]}},"_links":{"self":[{"href":"https:\/\/be-one.net\/fr\/wp-json\/wp\/v2\/pages\/6074"}],"collection":[{"href":"https:\/\/be-one.net\/fr\/wp-json\/wp\/v2\/pages"}],"about":[{"href":"https:\/\/be-one.net\/fr\/wp-json\/wp\/v2\/types\/page"}],"author":[{"embeddable":true,"href":"https:\/\/be-one.net\/fr\/wp-json\/wp\/v2\/users\/8"}],"replies":[{"embeddable":true,"href":"https:\/\/be-one.net\/fr\/wp-json\/wp\/v2\/comments?post=6074"}],"version-history":[{"count":6,"href":"https:\/\/be-one.net\/fr\/wp-json\/wp\/v2\/pages\/6074\/revisions"}],"predecessor-version":[{"id":6103,"href":"https:\/\/be-one.net\/fr\/wp-json\/wp\/v2\/pages\/6074\/revisions\/6103"}],"wp:attachment":[{"href":"https:\/\/be-one.net\/fr\/wp-json\/wp\/v2\/media?parent=6074"}],"curies":[{"name":"wp","href":"https:\/\/api.w.org\/{rel}","templated":true}]}}