{"id":706,"date":"2022-01-07T12:55:19","date_gmt":"2022-01-07T11:55:19","guid":{"rendered":"https:\/\/be-one.stigmi.eu\/?page_id=706"},"modified":"2026-04-24T17:09:09","modified_gmt":"2026-04-24T15:09:09","slug":"calendly","status":"publish","type":"page","link":"https:\/\/be-one.net\/fr\/calendly\/","title":{"rendered":"\u00a0"},"content":{"rendered":"\n<!-- D\u00e9but de widget en ligne Calendly --> <div class=\"calendly-inline-widget\" data-url=\"https:\/\/calendly.com\/be-one_robert\/entretien-sans-engagement-de-30mn\" style=\"min-width:320px;height:630px;\"><\/div>\n<script type=\"text\/javascript\" src=\"https:\/\/assets.calendly.com\/assets\/external\/widget.js\" async=\"\"><\/script>\n<!-- Fin de widget en ligne Calendly -->\n","protected":false},"excerpt":{"rendered":"","protected":false},"author":3,"featured_media":0,"parent":0,"menu_order":0,"comment_status":"closed","ping_status":"closed","template":"","meta":{"_acf_changed":false,"inline_featured_image":false,"footnotes":""},"acf":[],"yoast_head":"<!-- This site is optimized with the Yoast SEO Premium plugin v22.9 (Yoast SEO v22.9) - https:\/\/yoast.com\/wordpress\/plugins\/seo\/ -->\n<title>\u00a0 - Be-one<\/title>\n<meta name=\"robots\" content=\"noindex, nofollow\" \/>\n<meta property=\"og:locale\" content=\"fr_FR\" \/>\n<meta property=\"og:type\" content=\"article\" \/>\n<meta property=\"og:title\" content=\"\u00a0 - Be-one\" \/>\n<meta property=\"og:url\" content=\"https:\/\/be-one.net\/fr\/calendly\/\" \/>\n<meta property=\"og:site_name\" content=\"Be-one\" \/>\n<meta property=\"article:publisher\" content=\"https:\/\/www.facebook.com\/people\/Be-One-Communication\/100063613657210\/\" \/>\n<meta property=\"article:modified_time\" content=\"2026-04-24T15:09:09+00:00\" \/>\n<meta name=\"twitter:card\" content=\"summary_large_image\" \/>\n<script type=\"application\/ld+json\" class=\"yoast-schema-graph\">{\"@context\":\"https:\/\/schema.org\",\"@graph\":[{\"@type\":\"WebPage\",\"@id\":\"https:\/\/be-one.net\/fr\/calendly\/\",\"url\":\"https:\/\/be-one.net\/fr\/calendly\/\",\"name\":\"\u00a0 - Be-one\",\"isPartOf\":{\"@id\":\"https:\/\/be-one.net\/fr\/#website\"},\"datePublished\":\"2022-01-07T11:55:19+00:00\",\"dateModified\":\"2026-04-24T15:09:09+00:00\",\"inLanguage\":\"fr-BE\",\"potentialAction\":[{\"@type\":\"ReadAction\",\"target\":[\"https:\/\/be-one.net\/fr\/calendly\/\"]}]},{\"@type\":\"WebSite\",\"@id\":\"https:\/\/be-one.net\/fr\/#website\",\"url\":\"https:\/\/be-one.net\/fr\/\",\"name\":\"Be-one\",\"description\":\"Client Driven Marketing &amp; Communication\",\"publisher\":{\"@id\":\"https:\/\/be-one.net\/fr\/#organization\"},\"potentialAction\":[{\"@type\":\"SearchAction\",\"target\":{\"@type\":\"EntryPoint\",\"urlTemplate\":\"https:\/\/be-one.net\/fr\/?s={search_term_string}\"},\"query-input\":\"required name=search_term_string\"}],\"inLanguage\":\"fr-BE\"},{\"@type\":\"Organization\",\"@id\":\"https:\/\/be-one.net\/fr\/#organization\",\"name\":\"Be-one\",\"alternateName\":\"B.E.-One SPRL\",\"url\":\"https:\/\/be-one.net\/fr\/\",\"logo\":{\"@type\":\"ImageObject\",\"inLanguage\":\"fr-BE\",\"@id\":\"https:\/\/be-one.net\/fr\/#\/schema\/logo\/image\/\",\"url\":\"https:\/\/be-one.net\/wp-content\/uploads\/2021\/11\/beone-1.png\",\"contentUrl\":\"https:\/\/be-one.net\/wp-content\/uploads\/2021\/11\/beone-1.png\",\"width\":256,\"height\":112,\"caption\":\"Be-one\"},\"image\":{\"@id\":\"https:\/\/be-one.net\/fr\/#\/schema\/logo\/image\/\"},\"description\":\"Agence de marketing et communication B2B sp\u00e9cialis\u00e9e en branding, g\u00e9n\u00e9ration de leads et marketing digital \u00e0 Bruxelles.\",\"email\":\"robert@be-one.net\",\"telephone\":\"+3224548561\",\"legalName\":\"B.E.-One SPRL\",\"identifier\":{\"vatID\":\"BE 0452.123.136\"},\"sameAs\":[\"https:\/\/www.facebook.com\/people\/Be-One-Communication\/100063613657210\/\",\"https:\/\/www.linkedin.com\/company\/be-one-agency\/\"]}]}<\/script>\n<!-- \/ Yoast SEO Premium plugin. -->","yoast_head_json":{"title":"\u00a0 - Be-one","robots":{"index":"noindex","follow":"nofollow"},"og_locale":"fr_FR","og_type":"article","og_title":"\u00a0 - Be-one","og_url":"https:\/\/be-one.net\/fr\/calendly\/","og_site_name":"Be-one","article_publisher":"https:\/\/www.facebook.com\/people\/Be-One-Communication\/100063613657210\/","article_modified_time":"2026-04-24T15:09:09+00:00","twitter_card":"summary_large_image","schema":{"@context":"https:\/\/schema.org","@graph":[{"@type":"WebPage","@id":"https:\/\/be-one.net\/fr\/calendly\/","url":"https:\/\/be-one.net\/fr\/calendly\/","name":"\u00a0 - Be-one","isPartOf":{"@id":"https:\/\/be-one.net\/fr\/#website"},"datePublished":"2022-01-07T11:55:19+00:00","dateModified":"2026-04-24T15:09:09+00:00","inLanguage":"fr-BE","potentialAction":[{"@type":"ReadAction","target":["https:\/\/be-one.net\/fr\/calendly\/"]}]},{"@type":"WebSite","@id":"https:\/\/be-one.net\/fr\/#website","url":"https:\/\/be-one.net\/fr\/","name":"Be-one","description":"Client Driven Marketing &amp; Communication","publisher":{"@id":"https:\/\/be-one.net\/fr\/#organization"},"potentialAction":[{"@type":"SearchAction","target":{"@type":"EntryPoint","urlTemplate":"https:\/\/be-one.net\/fr\/?s={search_term_string}"},"query-input":"required name=search_term_string"}],"inLanguage":"fr-BE"},{"@type":"Organization","@id":"https:\/\/be-one.net\/fr\/#organization","name":"Be-one","alternateName":"B.E.-One SPRL","url":"https:\/\/be-one.net\/fr\/","logo":{"@type":"ImageObject","inLanguage":"fr-BE","@id":"https:\/\/be-one.net\/fr\/#\/schema\/logo\/image\/","url":"https:\/\/be-one.net\/wp-content\/uploads\/2021\/11\/beone-1.png","contentUrl":"https:\/\/be-one.net\/wp-content\/uploads\/2021\/11\/beone-1.png","width":256,"height":112,"caption":"Be-one"},"image":{"@id":"https:\/\/be-one.net\/fr\/#\/schema\/logo\/image\/"},"description":"Agence de marketing et communication B2B sp\u00e9cialis\u00e9e en branding, g\u00e9n\u00e9ration de leads et marketing digital \u00e0 Bruxelles.","email":"robert@be-one.net","telephone":"+3224548561","legalName":"B.E.-One SPRL","identifier":{"vatID":"BE 0452.123.136"},"sameAs":["https:\/\/www.facebook.com\/people\/Be-One-Communication\/100063613657210\/","https:\/\/www.linkedin.com\/company\/be-one-agency\/"]}]}},"_links":{"self":[{"href":"https:\/\/be-one.net\/fr\/wp-json\/wp\/v2\/pages\/706"}],"collection":[{"href":"https:\/\/be-one.net\/fr\/wp-json\/wp\/v2\/pages"}],"about":[{"href":"https:\/\/be-one.net\/fr\/wp-json\/wp\/v2\/types\/page"}],"author":[{"embeddable":true,"href":"https:\/\/be-one.net\/fr\/wp-json\/wp\/v2\/users\/3"}],"replies":[{"embeddable":true,"href":"https:\/\/be-one.net\/fr\/wp-json\/wp\/v2\/comments?post=706"}],"version-history":[{"count":5,"href":"https:\/\/be-one.net\/fr\/wp-json\/wp\/v2\/pages\/706\/revisions"}],"predecessor-version":[{"id":1077,"href":"https:\/\/be-one.net\/fr\/wp-json\/wp\/v2\/pages\/706\/revisions\/1077"}],"wp:attachment":[{"href":"https:\/\/be-one.net\/fr\/wp-json\/wp\/v2\/media?parent=706"}],"curies":[{"name":"wp","href":"https:\/\/api.w.org\/{rel}","templated":true}]}}