{"id":3007,"date":"2023-05-04T11:18:10","date_gmt":"2023-05-04T09:18:10","guid":{"rendered":"https:\/\/be-one.net\/?page_id=3007"},"modified":"2026-03-30T12:12:23","modified_gmt":"2026-03-30T10:12:23","slug":"case-studies","status":"publish","type":"page","link":"https:\/\/be-one.net\/nl\/case-studies\/","title":{"rendered":"B2B marketing casestudies: branding, leadgeneratie en webprojecten voor kmo&#8217;s"},"content":{"rendered":"","protected":false},"excerpt":{"rendered":"","protected":false},"author":3,"featured_media":0,"parent":0,"menu_order":0,"comment_status":"closed","ping_status":"closed","template":"template-ressources.php","meta":{"_acf_changed":false,"inline_featured_image":false,"footnotes":""},"acf":[],"yoast_head":"<!-- This site is optimized with the Yoast SEO Premium plugin v22.9 (Yoast SEO v22.9) - https:\/\/yoast.com\/wordpress\/plugins\/seo\/ -->\n<title>B2B marketing casestudies: branding, leadgeneratie en webprojecten voor kmo&#039;s - Be-one<\/title>\n<meta name=\"description\" content=\"Ontdek wat klanten zeggen over Be-One! Testimonials, feedback over onze kwaliteitsservices en aanpak. Sluit aan bij onze tevreden community!\" \/>\n<meta name=\"robots\" content=\"index, follow, max-snippet:-1, max-image-preview:large, max-video-preview:-1\" \/>\n<link rel=\"canonical\" href=\"https:\/\/be-one.net\/nl\/case-studies\/\" \/>\n<meta property=\"og:locale\" content=\"nl_BE\" \/>\n<meta property=\"og:type\" content=\"article\" \/>\n<meta property=\"og:title\" content=\"B2B marketing casestudies: branding, leadgeneratie en webprojecten voor kmo&#039;s - Be-one\" \/>\n<meta property=\"og:description\" content=\"Ontdek wat klanten zeggen over Be-One! Testimonials, feedback over onze kwaliteitsservices en aanpak. Sluit aan bij onze tevreden community!\" \/>\n<meta property=\"og:url\" content=\"https:\/\/be-one.net\/nl\/case-studies\/\" \/>\n<meta property=\"og:site_name\" content=\"Be-one\" \/>\n<meta property=\"article:publisher\" content=\"https:\/\/www.facebook.com\/people\/Be-One-Communication\/100063613657210\/\" \/>\n<meta property=\"article:modified_time\" content=\"2026-03-30T10:12:23+00:00\" \/>\n<meta name=\"twitter:card\" content=\"summary_large_image\" \/>\n<script type=\"application\/ld+json\" class=\"yoast-schema-graph\">{\"@context\":\"https:\/\/schema.org\",\"@graph\":[{\"@type\":\"WebPage\",\"@id\":\"https:\/\/be-one.net\/nl\/case-studies\/\",\"url\":\"https:\/\/be-one.net\/nl\/case-studies\/\",\"name\":\"B2B marketing casestudies: branding, leadgeneratie en webprojecten voor kmo's - Be-one\",\"isPartOf\":{\"@id\":\"https:\/\/be-one.net\/nl\/#website\"},\"datePublished\":\"2023-05-04T09:18:10+00:00\",\"dateModified\":\"2026-03-30T10:12:23+00:00\",\"description\":\"Ontdek wat klanten zeggen over Be-One! Testimonials, feedback over onze kwaliteitsservices en aanpak. Sluit aan bij onze tevreden community!\",\"inLanguage\":\"nl-BE\",\"potentialAction\":[{\"@type\":\"ReadAction\",\"target\":[\"https:\/\/be-one.net\/nl\/case-studies\/\"]}]},{\"@type\":\"WebSite\",\"@id\":\"https:\/\/be-one.net\/nl\/#website\",\"url\":\"https:\/\/be-one.net\/nl\/\",\"name\":\"Be-one\",\"description\":\"Client Driven Marketing &amp; Communication\",\"publisher\":{\"@id\":\"https:\/\/be-one.net\/nl\/#organization\"},\"potentialAction\":[{\"@type\":\"SearchAction\",\"target\":{\"@type\":\"EntryPoint\",\"urlTemplate\":\"https:\/\/be-one.net\/nl\/?s={search_term_string}\"},\"query-input\":\"required name=search_term_string\"}],\"inLanguage\":\"nl-BE\"},{\"@type\":\"Organization\",\"@id\":\"https:\/\/be-one.net\/nl\/#organization\",\"name\":\"Be-one\",\"alternateName\":\"B.E.-One SPRL\",\"url\":\"https:\/\/be-one.net\/nl\/\",\"logo\":{\"@type\":\"ImageObject\",\"inLanguage\":\"nl-BE\",\"@id\":\"https:\/\/be-one.net\/nl\/#\/schema\/logo\/image\/\",\"url\":\"https:\/\/be-one.net\/wp-content\/uploads\/2021\/11\/beone-1.png\",\"contentUrl\":\"https:\/\/be-one.net\/wp-content\/uploads\/2021\/11\/beone-1.png\",\"width\":256,\"height\":112,\"caption\":\"Be-one\"},\"image\":{\"@id\":\"https:\/\/be-one.net\/nl\/#\/schema\/logo\/image\/\"},\"description\":\"Agence de marketing et communication B2B sp\u00e9cialis\u00e9e en branding, g\u00e9n\u00e9ration de leads et marketing digital \u00e0 Bruxelles.\",\"email\":\"robert@be-one.net\",\"telephone\":\"+3224548561\",\"legalName\":\"B.E.-One SPRL\",\"identifier\":{\"vatID\":\"BE 0452.123.136\"},\"sameAs\":[\"https:\/\/www.facebook.com\/people\/Be-One-Communication\/100063613657210\/\",\"https:\/\/www.linkedin.com\/company\/be-one-agency\/\"]}]}<\/script>\n<!-- \/ Yoast SEO Premium plugin. -->","yoast_head_json":{"title":"B2B marketing casestudies: branding, leadgeneratie en webprojecten voor kmo's - Be-one","description":"Ontdek wat klanten zeggen over Be-One! Testimonials, feedback over onze kwaliteitsservices en aanpak. Sluit aan bij onze tevreden community!","robots":{"index":"index","follow":"follow","max-snippet":"max-snippet:-1","max-image-preview":"max-image-preview:large","max-video-preview":"max-video-preview:-1"},"canonical":"https:\/\/be-one.net\/nl\/case-studies\/","og_locale":"nl_BE","og_type":"article","og_title":"B2B marketing casestudies: branding, leadgeneratie en webprojecten voor kmo's - Be-one","og_description":"Ontdek wat klanten zeggen over Be-One! Testimonials, feedback over onze kwaliteitsservices en aanpak. Sluit aan bij onze tevreden community!","og_url":"https:\/\/be-one.net\/nl\/case-studies\/","og_site_name":"Be-one","article_publisher":"https:\/\/www.facebook.com\/people\/Be-One-Communication\/100063613657210\/","article_modified_time":"2026-03-30T10:12:23+00:00","twitter_card":"summary_large_image","schema":{"@context":"https:\/\/schema.org","@graph":[{"@type":"WebPage","@id":"https:\/\/be-one.net\/nl\/case-studies\/","url":"https:\/\/be-one.net\/nl\/case-studies\/","name":"B2B marketing casestudies: branding, leadgeneratie en webprojecten voor kmo's - Be-one","isPartOf":{"@id":"https:\/\/be-one.net\/nl\/#website"},"datePublished":"2023-05-04T09:18:10+00:00","dateModified":"2026-03-30T10:12:23+00:00","description":"Ontdek wat klanten zeggen over Be-One! Testimonials, feedback over onze kwaliteitsservices en aanpak. Sluit aan bij onze tevreden community!","inLanguage":"nl-BE","potentialAction":[{"@type":"ReadAction","target":["https:\/\/be-one.net\/nl\/case-studies\/"]}]},{"@type":"WebSite","@id":"https:\/\/be-one.net\/nl\/#website","url":"https:\/\/be-one.net\/nl\/","name":"Be-one","description":"Client Driven Marketing &amp; Communication","publisher":{"@id":"https:\/\/be-one.net\/nl\/#organization"},"potentialAction":[{"@type":"SearchAction","target":{"@type":"EntryPoint","urlTemplate":"https:\/\/be-one.net\/nl\/?s={search_term_string}"},"query-input":"required name=search_term_string"}],"inLanguage":"nl-BE"},{"@type":"Organization","@id":"https:\/\/be-one.net\/nl\/#organization","name":"Be-one","alternateName":"B.E.-One SPRL","url":"https:\/\/be-one.net\/nl\/","logo":{"@type":"ImageObject","inLanguage":"nl-BE","@id":"https:\/\/be-one.net\/nl\/#\/schema\/logo\/image\/","url":"https:\/\/be-one.net\/wp-content\/uploads\/2021\/11\/beone-1.png","contentUrl":"https:\/\/be-one.net\/wp-content\/uploads\/2021\/11\/beone-1.png","width":256,"height":112,"caption":"Be-one"},"image":{"@id":"https:\/\/be-one.net\/nl\/#\/schema\/logo\/image\/"},"description":"Agence de marketing et communication B2B sp\u00e9cialis\u00e9e en branding, g\u00e9n\u00e9ration de leads et marketing digital \u00e0 Bruxelles.","email":"robert@be-one.net","telephone":"+3224548561","legalName":"B.E.-One SPRL","identifier":{"vatID":"BE 0452.123.136"},"sameAs":["https:\/\/www.facebook.com\/people\/Be-One-Communication\/100063613657210\/","https:\/\/www.linkedin.com\/company\/be-one-agency\/"]}]}},"_links":{"self":[{"href":"https:\/\/be-one.net\/nl\/wp-json\/wp\/v2\/pages\/3007"}],"collection":[{"href":"https:\/\/be-one.net\/nl\/wp-json\/wp\/v2\/pages"}],"about":[{"href":"https:\/\/be-one.net\/nl\/wp-json\/wp\/v2\/types\/page"}],"author":[{"embeddable":true,"href":"https:\/\/be-one.net\/nl\/wp-json\/wp\/v2\/users\/3"}],"replies":[{"embeddable":true,"href":"https:\/\/be-one.net\/nl\/wp-json\/wp\/v2\/comments?post=3007"}],"version-history":[{"count":45,"href":"https:\/\/be-one.net\/nl\/wp-json\/wp\/v2\/pages\/3007\/revisions"}],"predecessor-version":[{"id":6615,"href":"https:\/\/be-one.net\/nl\/wp-json\/wp\/v2\/pages\/3007\/revisions\/6615"}],"wp:attachment":[{"href":"https:\/\/be-one.net\/nl\/wp-json\/wp\/v2\/media?parent=3007"}],"curies":[{"name":"wp","href":"https:\/\/api.w.org\/{rel}","templated":true}]}}